{"id":3,"date":"2026-03-30T16:16:02","date_gmt":"2026-03-30T16:16:02","guid":{"rendered":"https:\/\/syga.pt\/content\/?page_id=3"},"modified":"2026-03-30T17:27:22","modified_gmt":"2026-03-30T17:27:22","slug":"privacy-policy","status":"publish","type":"page","link":"https:\/\/syga.pt\/en\/privacy-policy\/","title":{"rendered":"Privacy Policy"},"content":{"rendered":"Vizela, 30\/03\/2026\nA Syga SIIA Unipessoal, Lda., enquanto entidade legal estabelecida em Portugal, leva a prote\u00e7\u00e3o dos dados pessoais muito a s\u00e9rio. Tratamos os dados pessoais de forma confidencial e em conformidade com o Regulamento Geral sobre a Prote\u00e7\u00e3o de Dados (RGPD) e demais legisla\u00e7\u00e3o aplic\u00e1vel em Portugal.\nCliente: entidade ou pessoa que utiliza os servi\u00e7os da Syga; <br>\nUser: website visitor <br>\nDados Pessoais: qualquer informa\u00e7\u00e3o relativa a uma pessoa identificada ou identific\u00e1vel\nSyga SIIA Unipessoal, Lda. <br>\nEmail: info@syga.pt\n&#8211; Nome <br>\n&#8211; Email <br>\n&#8211; N\u00famero de telephone <br>\n&#8211; Empresa (quando aplic\u00e1vel) <br>\n&#8211; Dados de fatura\u00e7\u00e3o <br>\n&#8211; Endere\u00e7o IP <br>\n&#8211; Dados de navega\u00e7\u00e3o (cookies)\n&#8211; Presta\u00e7\u00e3o de servi\u00e7os <br>\n&#8211; Gest\u00e3o de contactos <br>\n&#8211; Suporte ao cliente <br>\n&#8211; Comunica\u00e7\u00f5es <br>\n&#8211; Marketing (com consentimento) <br>\n&#8211; Fatura\u00e7\u00e3o\n&#8211; Consentimento <br>\n&#8211; Execu\u00e7\u00e3o de contrato <br>\n&#8211; Obriga\u00e7\u00f5es legais <br>\n&#8211; Interesse leg\u00edtimo\nUtilizamos cookies para melhorar a experi\u00eancia do utilizador, incluindo cookies essenciais, de desempenho e anal\u00edticos.\nA Syga SIIA Unipessoal, Lda. pode tratar dados em nome de clientes, atuando como subcontratante.\nOs dados podem ser partilhados com fornecedores ou autoridades legais quando necess\u00e1rio.\nDireito de acesso, retifica\u00e7\u00e3o, apagamento, limita\u00e7\u00e3o, oposi\u00e7\u00e3o e portabilidade.\nOs dados s\u00e3o conservados apenas pelo per\u00edodo necess\u00e1rio.\nImplementamos medidas adequadas de prote\u00e7\u00e3o de dados.\nSer\u00e3o notificadas as autoridades competentes quando aplic\u00e1vel.\nA pol\u00edtica pode ser atualizada a qualquer momento.\nEmail: info@syga.pt","protected":false},"excerpt":{"rendered":"","protected":false},"author":1,"featured_media":0,"parent":0,"menu_order":0,"comment_status":"closed","ping_status":"closed","template":"page-templates\/template-pagebuilder-full-width.php","meta":{"pagelayer_contact_templates":[],"_pagelayer_content":"","_themeisle_gutenberg_block_has_review":false,"footnotes":""},"class_list":["post-3","page","type-page","status-publish","hentry"],"_links":{"self":[{"href":"https:\/\/syga.pt\/en\/wp-json\/wp\/v2\/pages\/3","targetHints":{"allow":["GET"]}}],"collection":[{"href":"https:\/\/syga.pt\/en\/wp-json\/wp\/v2\/pages"}],"about":[{"href":"https:\/\/syga.pt\/en\/wp-json\/wp\/v2\/types\/page"}],"author":[{"embeddable":true,"href":"https:\/\/syga.pt\/en\/wp-json\/wp\/v2\/users\/1"}],"replies":[{"embeddable":true,"href":"https:\/\/syga.pt\/en\/wp-json\/wp\/v2\/comments?post=3"}],"version-history":[{"count":5,"href":"https:\/\/syga.pt\/en\/wp-json\/wp\/v2\/pages\/3\/revisions"}],"predecessor-version":[{"id":2449,"href":"https:\/\/syga.pt\/en\/wp-json\/wp\/v2\/pages\/3\/revisions\/2449"}],"wp:attachment":[{"href":"https:\/\/syga.pt\/en\/wp-json\/wp\/v2\/media?parent=3"}],"curies":[{"name":"wp","href":"https:\/\/api.w.org\/{rel}","templated":true}]}}