{"id":40,"date":"2025-11-04T09:58:12","date_gmt":"2025-11-04T09:58:12","guid":{"rendered":"https:\/\/syga.pt\/content\/about\/"},"modified":"2026-03-30T17:26:37","modified_gmt":"2026-03-30T17:26:37","slug":"about","status":"publish","type":"page","link":"https:\/\/syga.pt\/en\/about\/","title":{"rendered":"We are"},"content":{"rendered":"A results-driven team. We build solutions that make operations simpler, faster, and more scalable. From <mark style=\"background-color:rgba(0, 0, 0, 0);color:#d42c34\" class=\"has-inline-color\">ERP<\/mark> to <mark style=\"background-color:rgba(0, 0, 0, 0);color:#d42c34\" class=\"has-inline-color\">e-commerce<\/mark>, from <mark style=\"background-color:rgba(0, 0, 0, 0);color:#d42c34\" class=\"has-inline-color\">WMS<\/mark> to <mark style=\"background-color:rgba(0, 0, 0, 0);color:#d42c34\" class=\"has-inline-color\">SFA<\/mark>, ligamos sistemas, automatizamos tarefas e criamos experi\u00eancias digitais que geram produtividade e efici\u00eancia.\nIntegra\u00e7\u00e3o total entre ERP, WMS, SFA e e-commerce.\n<br>Automation of critical processes with strong data governance.\n<br>Fast, incremental execution (lower risk, greater control).\n<br>Suporte cont\u00ednuo com SLAs e m\u00e9tricas claras.\n\n\n\n\n\n\n\n\nSolu\u00e7\u00f5es digitais completas para presen\u00e7a e venda online, desde sites institucionais at\u00e9 plataformas de e-commerce B2C, B2B ou h\u00edbridas, integradas com ERP, log\u00edstica e pagamentos. Otimizadas para performace, SEO e convers\u00e3o.\n\n\nTransforma dados dispersos (ERP, e-commerce, WMS, SFA, Excel) em dashboards claros, autom\u00e1ticos e acion\u00e1veis.\n<br>Relat\u00f3rios din\u00e2micos, previs\u00f5es, alertas e automa\u00e7\u00e3o de rotinas financeiras e operacionais &#8211; para decis\u00f5es mais r\u00e1pidas e seguras.\n\n\n\n\nEngine de integra\u00e7\u00e3o\n<br>Conecta ERP, WMS, SFA e e-commerce, sincroniza artigos, pre\u00e7os, stock, clientes e encomendas. Reduz erros manuais e acelera o &#8220;time-to-value&#8221;.\n\n\nUtilizamos Intelig\u00eancia Artificial para transformar dados e processos em vantagem competitiva. Desenvolvemos solu\u00e7\u00f5es que automatizam tarefas, analisam grandes volumes de informa\u00e7\u00e3o e geram previs\u00f5es e recomenda\u00e7\u00f5es inteligentes. Integrada com ERP, e-commerce, WMS, SFA e BI, a IA melhora a efici\u00eancia operacional, reduz erros e apoia decis\u00f5es mais r\u00e1pidas e estrat\u00e9gicas \u2014 criando opera\u00e7\u00f5es mais inteligentes, escal\u00e1veis e orientadas por dados.\n\n\n\n\nJunte-se \u00e0 nossa equipa\n\n\n\n\n\n\n\nSolu\u00e7\u00f5es digitais completas para presen\u00e7a e venda online, desde sites institucionais at\u00e9 plataformas de e-commerce B2C, B2B ou h\u00edbridas, integradas com ERP, log\u00edstica e pagamentos. Otimizadas para performace, SEO e convers\u00e3o.\nEngine de integra\u00e7\u00e3o\n<br>Conecta ERP, WMS, SFA e e-commerce, sincroniza artigos, pre\u00e7os, stock, clientes e encomendas. Reduz erros manuais e acelera o &#8220;time-to-value&#8221;.\nTransforma dados dispersos (ERP, e-commerce, WMS, SFA, Excel) em dashboards claros, autom\u00e1ticos e acion\u00e1veis.\n<br>Relat\u00f3rios din\u00e2micos, previs\u00f5es, alertas e automa\u00e7\u00e3o de rotinas financeiras e operacionais &#8211; para decis\u00f5es mais r\u00e1pidas e seguras.\nUtilizamos Intelig\u00eancia Artificial para transformar dados e processos em vantagem competitiva. Desenvolvemos solu\u00e7\u00f5es que automatizam tarefas, analisam grandes volumes de informa\u00e7\u00e3o e geram previs\u00f5es e recomenda\u00e7\u00f5es inteligentes. Integrada com ERP, e-commerce, WMS, SFA e BI, a IA melhora a efici\u00eancia operacional, reduz erros e apoia decis\u00f5es mais r\u00e1pidas e estrat\u00e9gicas \u2014 criando opera\u00e7\u00f5es mais inteligentes, escal\u00e1veis e orientadas por dados.","protected":false},"excerpt":{"rendered":"","protected":false},"author":1,"featured_media":0,"parent":0,"menu_order":0,"comment_status":"closed","ping_status":"closed","template":"page-templates\/template-pagebuilder-full-width.php","meta":{"pagelayer_contact_templates":[],"_pagelayer_content":"","_themeisle_gutenberg_block_has_review":false,"footnotes":""},"class_list":["post-40","page","type-page","status-publish","hentry"],"_links":{"self":[{"href":"https:\/\/syga.pt\/en\/wp-json\/wp\/v2\/pages\/40","targetHints":{"allow":["GET"]}}],"collection":[{"href":"https:\/\/syga.pt\/en\/wp-json\/wp\/v2\/pages"}],"about":[{"href":"https:\/\/syga.pt\/en\/wp-json\/wp\/v2\/types\/page"}],"author":[{"embeddable":true,"href":"https:\/\/syga.pt\/en\/wp-json\/wp\/v2\/users\/1"}],"replies":[{"embeddable":true,"href":"https:\/\/syga.pt\/en\/wp-json\/wp\/v2\/comments?post=40"}],"version-history":[{"count":62,"href":"https:\/\/syga.pt\/en\/wp-json\/wp\/v2\/pages\/40\/revisions"}],"predecessor-version":[{"id":2447,"href":"https:\/\/syga.pt\/en\/wp-json\/wp\/v2\/pages\/40\/revisions\/2447"}],"wp:attachment":[{"href":"https:\/\/syga.pt\/en\/wp-json\/wp\/v2\/media?parent=40"}],"curies":[{"name":"wp","href":"https:\/\/api.w.org\/{rel}","templated":true}]}}