{"id":41,"date":"2025-11-04T09:58:12","date_gmt":"2025-11-04T09:58:12","guid":{"rendered":"https:\/\/syga.pt\/content\/contact\/"},"modified":"2026-03-25T11:15:42","modified_gmt":"2026-03-25T11:15:42","slug":"meet","status":"publish","type":"page","link":"https:\/\/syga.pt\/en\/meet\/","title":{"rendered":"Meet"},"content":{"rendered":"Pronto para simplificar e escalar?\nAgende uma conversa em 20 minutos\n\n<div class=\"wpcf7 no-js\" id=\"wpcf7-f1721-o1\" lang=\"pt-PT\" dir=\"ltr\" data-wpcf7-id=\"1721\">\n<div class=\"screen-reader-response\"><p role=\"status\" aria-live=\"polite\" aria-atomic=\"true\"><\/p> <ul><\/ul><\/div>\n<form action=\"\/en\/wp-json\/wp\/v2\/pages\/41#wpcf7-f1721-o1\" method=\"post\" class=\"wpcf7-form init\" aria-label=\"Formul\u00e1rio de contacto\" novalidate=\"novalidate\" data-status=\"init\" data-trp-original-action=\"\/en\/wp-json\/wp\/v2\/pages\/41#wpcf7-f1721-o1\">\n<fieldset class=\"hidden-fields-container\"><input type=\"hidden\" name=\"_wpcf7\" value=\"1721\" \/><input type=\"hidden\" name=\"_wpcf7_version\" value=\"6.1.5\" \/><input type=\"hidden\" name=\"_wpcf7_locale\" value=\"pt_PT\" \/><input type=\"hidden\" name=\"_wpcf7_unit_tag\" value=\"wpcf7-f1721-o1\" \/><input type=\"hidden\" name=\"_wpcf7_container_post\" value=\"0\" \/><input type=\"hidden\" name=\"_wpcf7_posted_data_hash\" value=\"\" \/>\n<\/fieldset>\n<div class=\"meu-formulario-clean\">\n\t<p><span class=\"wpcf7-form-control-wrap\" data-name=\"your-name\"><input size=\"40\" maxlength=\"400\" class=\"wpcf7-form-control wpcf7-text wpcf7-validates-as-required campo-linha\" aria-required=\"true\" aria-invalid=\"false\" placeholder=\"Name*\" value=\"\" type=\"text\" name=\"your-name\" \/><\/span>\n\t<\/p>\n\t<p><span class=\"wpcf7-form-control-wrap\" data-name=\"your-email\"><input size=\"40\" maxlength=\"400\" class=\"wpcf7-form-control wpcf7-email wpcf7-validates-as-required wpcf7-text wpcf7-validates-as-email campo-linha\" aria-required=\"true\" aria-invalid=\"false\" placeholder=\"Email*\" value=\"\" type=\"email\" name=\"your-email\" \/><\/span>\n\t<\/p>\n\t<p><span class=\"wpcf7-form-control-wrap\" data-name=\"your-contact\"><input size=\"40\" maxlength=\"12\" minlength=\"5\" class=\"wpcf7-form-control wpcf7-tel wpcf7-validates-as-required wpcf7-text wpcf7-validates-as-tel campo-linha\" aria-required=\"true\" aria-invalid=\"false\" placeholder=\"Contact*\" value=\"\" type=\"tel\" name=\"your-contact\" \/><\/span>\n\t<\/p>\n\t<p><span class=\"wpcf7-form-control-wrap\" data-name=\"tipo-servico\"><select class=\"wpcf7-form-control wpcf7-select wpcf7-validates-as-required campo-select\" aria-required=\"true\" aria-invalid=\"false\" name=\"tipo-servico\"><option value=\"Selecione o t\u00f3pico*\">Selecione o t\u00f3pico*<\/option><option value=\"Business Intelligence &amp; Dados\">Business Intelligence &amp; Dados<\/option><option value=\"E-commerce\">E-commerce<\/option><option value=\"Integra\u00e7\u00f5es &amp; Automa\u00e7\u00f5es\">Integra\u00e7\u00f5es &amp; Automa\u00e7\u00f5es<\/option><option value=\"ERP &amp; Sector Solutions\">ERP &amp; Sector Solutions<\/option><option value=\"Managed Services\">Managed Services<\/option><option value=\"Outro\">Outro<\/option><\/select><\/span>\n\t<\/p>\n\t<p><label class=\"label-msg\">Message<br \/>\n<span class=\"wpcf7-form-control-wrap\" data-name=\"your-message\"><textarea cols=\"40\" rows=\"7\" maxlength=\"2000\" class=\"wpcf7-form-control wpcf7-textarea wpcf7-validates-as-required campo-linha\" aria-required=\"true\" aria-invalid=\"false\" name=\"your-message\"><\/textarea><\/span><br \/>\n<\/label>\n\t<\/p>\n\t<p class=\"texto-privacidade\"><br \/>\n<span class=\"wpcf7-form-control-wrap\" data-name=\"consentimento-privacidade\"><span class=\"wpcf7-form-control wpcf7-acceptance\"><span class=\"wpcf7-list-item\"><label><input type=\"checkbox\" name=\"consentimento-privacidade\" value=\"1\" aria-invalid=\"false\" \/><span class=\"wpcf7-list-item-label\">By submitting you accept our <a href=\"\/en\/privacy-policy\/\" target=\"_blank\">Privacy Policy<\/a>.<\/span><\/label><\/span><\/span><\/span>\n\t<\/p>\n\t<p class=\"texto-preenchimento\">* Required fields.\n\t<\/p>\n\t<p><input class=\"wpcf7-form-control wpcf7-submit has-spinner\" type=\"submit\" value=\"Submit\" \/>\n\t<\/p>\n<\/div><div class=\"wpcf7-response-output\" aria-hidden=\"true\"><\/div>\n<input type=\"hidden\" name=\"trp-form-language\" value=\"en\"\/><\/form>\n<\/div>\n\n\n\n\n\n\n\n\n\nContactos\nPra\u00e7a do Munic\u00edpio Bloco 8, Loja 43, N.\u00ba 392<br>4815-013 Vizela\nDe Segunda a Sexta-feira das 09:00 horas \u00e0s 18:00 horas. \n<br>\n<span>Tel.\n<a href=\"tel:+351220434888\" style=\"color: black; \">+351 220 434 888<\/a><br><\/span>\n<span style=\"font-size: 12px\">Call to the national fixed network<\/span><br>\n<a href=\"mailto:geral@syga.pt\" style=\"color: black; text-decoration: underline;\">geral@syga.pt<\/a>\n\n\n\n\nFollow Us","protected":false},"excerpt":{"rendered":"","protected":false},"author":1,"featured_media":0,"parent":0,"menu_order":0,"comment_status":"closed","ping_status":"closed","template":"page-templates\/template-pagebuilder-full-width.php","meta":{"pagelayer_contact_templates":[],"_pagelayer_content":"","_themeisle_gutenberg_block_has_review":false,"footnotes":""},"class_list":["post-41","page","type-page","status-publish","hentry"],"_links":{"self":[{"href":"https:\/\/syga.pt\/en\/wp-json\/wp\/v2\/pages\/41","targetHints":{"allow":["GET"]}}],"collection":[{"href":"https:\/\/syga.pt\/en\/wp-json\/wp\/v2\/pages"}],"about":[{"href":"https:\/\/syga.pt\/en\/wp-json\/wp\/v2\/types\/page"}],"author":[{"embeddable":true,"href":"https:\/\/syga.pt\/en\/wp-json\/wp\/v2\/users\/1"}],"replies":[{"embeddable":true,"href":"https:\/\/syga.pt\/en\/wp-json\/wp\/v2\/comments?post=41"}],"version-history":[{"count":59,"href":"https:\/\/syga.pt\/en\/wp-json\/wp\/v2\/pages\/41\/revisions"}],"predecessor-version":[{"id":2437,"href":"https:\/\/syga.pt\/en\/wp-json\/wp\/v2\/pages\/41\/revisions\/2437"}],"wp:attachment":[{"href":"https:\/\/syga.pt\/en\/wp-json\/wp\/v2\/media?parent=41"}],"curies":[{"name":"wp","href":"https:\/\/api.w.org\/{rel}","templated":true}]}}