{"id":43,"date":"2025-11-04T09:58:12","date_gmt":"2025-11-04T09:58:12","guid":{"rendered":"https:\/\/syga.pt\/content\/services\/"},"modified":"2026-03-30T17:26:49","modified_gmt":"2026-03-30T17:26:49","slug":"services","status":"publish","type":"page","link":"https:\/\/syga.pt\/en\/services\/","title":{"rendered":"We do"},"content":{"rendered":"WHAT WE DO<span style=\"color:#d42c34;\">.<\/span>\n<span style=\"display: inline-block; width: 6px; height: 6px; background-color: black; margin-right: 12px; vertical-align: middle; position: relative; top: -2px;\"><\/span>Create the digital presence that drives your company\u2019s growth \u2014 from corporate websites to fully integrated online stores.&nbsp;<br>\n<span style=\"display: inline-block; width: 6px; height: 6px; background-color: black; margin-right: 12px; vertical-align: middle; position: relative; top: -2px;\"><\/span>Sell more with simple and secure shopping experiences, whether for end customers or other businesses.\n<span style=\"display: inline-block; width: 6px; height: 6px; background-color: black; margin-right: 12px; vertical-align: middle; position: relative; top: -2px;\"><\/span>Turn scattered data (<span style=\"color: #d42c34\">ERP, e-commerce, SFA, WMS, MES, Excel<\/span>) into clear, automated, and actionable dashboards.<br>\n<span style=\"display: inline-block; width: 6px; height: 6px; background-color: black; margin-right: 12px; vertical-align: middle; position: relative; top: -2px;\"><\/span>We centralize company information and eliminate manual reporting, ensuring real-time visibility into your business.\n<br>A modular, scalable, and strategic solution tailored to business realities - accelerating smarter decision-making.<br>\n<span style=\"display: inline-block; width: 6px; height: 6px; background-color: black; margin-right: 12px; vertical-align: middle; position: relative; top: -2px;\"><\/span>Uma solu\u00e7\u00e3o modular, escal\u00e1vel e estrat\u00e9gica, adaptada \u00e0 realidade das empresas que acelera decis\u00f5es.<br>\n<span style=\"display: inline-block; width: 6px; height: 6px; background-color: black; margin-right: 12px; vertical-align: middle; position: relative; top: -2px;\"><\/span><span style=\"color: #d42c34\">BI &amp; analytics<\/span>, intelligent assistants \/ applied AI, discovery workshops, and rapid proof of concept.\n<span style=\"display: inline-block; width: 6px; height: 6px; background-color: black; margin-right: 12px; vertical-align: middle; position: relative; top: -2px;\"><\/span>More customer focus, less administrative friction.<br>\n<span style=\"display: inline-block; width: 6px; height: 6px; background-color: black; margin-right: 12px; vertical-align: middle; position: relative; top: -2px;\"><\/span>Give sales teams real-time access to catalogs, orders, routes, and targets - with direct reporting to ERP.\n<br>\n<span style=\"display: inline-block; width: 6px; height: 6px; background-color: black; margin-right: 12px; vertical-align: middle; position: relative; top: -2px;\"><\/span>Integrate <span style=\"color: #d42c34\">ERP, WMS, SFA, and e-commerce<\/span> &#8211; sincronizando dados de artigos, pre\u00e7os, stock e clientes.<br>\n<span style=\"display: inline-block; width: 6px; height: 6px; background-color: black; margin-right: 12px; vertical-align: middle; position: relative; top: -2px;\"><\/span>Automate operations and ensure cross-channel consistency, reducing errors and response times.\n<span style=\"display: inline-block; width: 6px; height: 6px; background-color: black; margin-right: 12px; vertical-align: middle; position: relative; top: -2px;\"><\/span>Simplify and control your entire business management. From finance to logistics, warehouses, production, and sales teams - fully integrated.<br>\n<span style=\"display: inline-block; width: 6px; height: 6px; background-color: black; margin-right: 12px; vertical-align: middle; position: relative; top: -2px;\"><\/span>We implement, train, and support with senior, specialized consultants.\n<br>\n<span style=\"display: inline-block; width: 6px; height: 6px; background-color: black; margin-right: 12px; vertical-align: middle; position: relative; top: -2px;\"><\/span>Solu\u00e7\u00e3o modular, escal\u00e1vel e com custos mensais previs\u00edveis.\n<span style=\"display: inline-block; width: 6px; height: 6px; background-color: black; margin-right: 12px; vertical-align: middle; position: relative; top: -2px;\"><\/span>O seu neg\u00f3cio sempre seguro, dispon\u00edvel e sem interrup\u00e7\u00f5es. Asseguramos continuidade, menor risco, suporte especializado, custos previs\u00edveis e tranquilidade total &#8211; sem precisar de equipe IT intrerna.\n\n\n\n\nSolu\u00e7\u00f5es flex\u00edveis, escal\u00e1veis e de evolu\u00e7\u00e3o cont\u00ednua, que reduzem custos e aumentam a produtividade.\n\n\n\n\n<h2 class=\"translation-block\"><span style=\"color:#d42c34\">5<\/span>-STEP METHODOLOGY<\/h2>\n<span style=\"color: #d42c34; font-size: 22px !important;\">1 <\/span>\n<span style=\"display: inline-block; width: 6px; height: 1em; background-color: #d42c34; margin-right: 10px; vertical-align: middle; position: relative; top: -2px;\"><\/span>Diagn\u00f3stico &#8211; analisamos objetivos, processos e sistemas.\n<span style=\"color: #d42c34; font-size: 22px !important;\">2 <\/span>\n<span style=\"display: inline-block; width: 6px; height: 1em; background-color: #d42c34; margin-right: 10px; vertical-align: middle; position: relative; top: -2px;\"><\/span>Prova de conceito &#8211; validar r\u00e1pido o valor e reduzir risco.\n<span style=\"color: #d42c34; font-size: 22px !important;\">3 <\/span>\n<span style=\"display: inline-block; width: 6px; height: 1em; background-color: #d42c34; margin-right: 10px; vertical-align: middle; position: relative; top: -2px;\"><\/span>Implementa\u00e7\u00e3o &#8211; fases curtas, marcos claros, entrega cont\u00ednua.\n<span style=\"color: #d42c34; font-size: 22px !important;\">4 <\/span>\n<span style=\"display: inline-block; width: 6px; height: 1em; background-color: #d42c34; margin-right: 10px ; vertical-align: middle; position: relative; top: -2px;\"><\/span>Forma\u00e7\u00e3o &#038; Handover &#8211; equipas preparadas para operar.\n<span style=\"color: #d42c34; font-size: 22px !important;\">5 <\/span>\n<span style=\"display: inline-block; width: 6px; height: 1em; background-color: #d42c34; margin-right: 10px; vertical-align: middle; position: relative; top: -2px;\"><\/span>Suporte &#038; Melhoria Cont\u00ednua &#8211; m\u00e9tricas, revis\u00f5es e evolua\u00e7\u00e3o.\n\n\n\n\niNTEGRA\u00c7\u00d5ES<span style=\"color: rgb(212, 44, 52);\">.<\/span>\n\n\n\n\n\n\n\n\n\n\n\n\n\n\n\n\n\n\n\n\n\n\n\n\n\n\n\n\n\n\niNTEGRATIONS<span style=\"color: rgb(212, 44, 52);\">.<\/span>\n\n\n<p>Lorem Ipsum has been the industry&#8217;s standard dummy text ever since the 1500s.<\/p>\n<p>Lorem Ipsum has been the industry&#8217;s standard dummy text ever since the 1500s.<\/p>\n<p>Lorem Ipsum has been the industry&#8217;s standard dummy text ever since the 1500s.<\/p>\n<p>Lorem Ipsum has been the industry&#8217;s standard dummy text ever since the 1500s.<\/p>\n<p>Lorem Ipsum has been the industry&#8217;s standard dummy text ever since the 1500s.<\/p>\n<p>Lorem Ipsum has been the industry&#8217;s standard dummy text ever since the 1500s.<\/p>\n<p>Lorem Ipsum has been the industry&#8217;s standard dummy text ever since the 1500s.<\/p>\n<p>Lorem Ipsum has been the industry&#8217;s standard dummy text ever since the 1500s.<\/p>","protected":false},"excerpt":{"rendered":"","protected":false},"author":1,"featured_media":0,"parent":0,"menu_order":0,"comment_status":"closed","ping_status":"closed","template":"page-templates\/template-pagebuilder-full-width.php","meta":{"pagelayer_contact_templates":[],"_pagelayer_content":"","_themeisle_gutenberg_block_has_review":false,"footnotes":""},"class_list":["post-43","page","type-page","status-publish","hentry"],"_links":{"self":[{"href":"https:\/\/syga.pt\/en\/wp-json\/wp\/v2\/pages\/43","targetHints":{"allow":["GET"]}}],"collection":[{"href":"https:\/\/syga.pt\/en\/wp-json\/wp\/v2\/pages"}],"about":[{"href":"https:\/\/syga.pt\/en\/wp-json\/wp\/v2\/types\/page"}],"author":[{"embeddable":true,"href":"https:\/\/syga.pt\/en\/wp-json\/wp\/v2\/users\/1"}],"replies":[{"embeddable":true,"href":"https:\/\/syga.pt\/en\/wp-json\/wp\/v2\/comments?post=43"}],"version-history":[{"count":86,"href":"https:\/\/syga.pt\/en\/wp-json\/wp\/v2\/pages\/43\/revisions"}],"predecessor-version":[{"id":2448,"href":"https:\/\/syga.pt\/en\/wp-json\/wp\/v2\/pages\/43\/revisions\/2448"}],"wp:attachment":[{"href":"https:\/\/syga.pt\/en\/wp-json\/wp\/v2\/media?parent=43"}],"curies":[{"name":"wp","href":"https:\/\/api.w.org\/{rel}","templated":true}]}}